{"id":529,"date":"2021-11-20T15:36:42","date_gmt":"2021-11-20T14:36:42","guid":{"rendered":"https:\/\/pndmedical.cz\/?page_id=529"},"modified":"2021-11-20T15:36:42","modified_gmt":"2021-11-20T14:36:42","slug":"o-nas","status":"publish","type":"page","link":"https:\/\/pndmedical.cz\/index.php\/o-nas\/","title":{"rendered":"O n\u00e1s"},"content":{"rendered":"<p><strong>PND MEDICAL s.r.o.<\/strong><\/p>\n<p>N\u00e1dra\u017en\u00ed 100<br \/>\n739-91 Jablunkov<\/p>\n<p>I\u010cO: 28854454<br \/>\nDI\u010c: CZ28854454<\/p>\n<p>&nbsp;<\/p>\n<p><iframe loading=\"lazy\" style=\"border: 0;\" src=\"https:\/\/www.google.com\/maps\/embed?pb=!1m18!1m12!1m3!1d2587.0680576487516!2d18.763299015395752!3d49.57760515775025!2m3!1f0!2f0!3f0!3m2!1i1024!2i768!4f13.1!3m3!1m2!1s0x47141787a5e3ecb5%3A0x92dc47adcd6cae8f!2sPND%20MEDICAL%20s.r.o.!5e0!3m2!1sen!2scz!4v1637418958202!5m2!1sen!2scz\" width=\"600\" height=\"450\" allowfullscreen=\"allowfullscreen\"><\/iframe><\/p>\n","protected":false},"excerpt":{"rendered":"<p>PND MEDICAL s.r.o. N\u00e1dra\u017en\u00ed 100 739-91 Jablunkov I\u010cO: 28854454 DI\u010c: CZ28854454 &nbsp;<\/p>\n","protected":false},"author":2,"featured_media":0,"parent":0,"menu_order":0,"comment_status":"closed","ping_status":"closed","template":"","meta":[],"_links":{"self":[{"href":"https:\/\/pndmedical.cz\/index.php\/wp-json\/wp\/v2\/pages\/529"}],"collection":[{"href":"https:\/\/pndmedical.cz\/index.php\/wp-json\/wp\/v2\/pages"}],"about":[{"href":"https:\/\/pndmedical.cz\/index.php\/wp-json\/wp\/v2\/types\/page"}],"author":[{"embeddable":true,"href":"https:\/\/pndmedical.cz\/index.php\/wp-json\/wp\/v2\/users\/2"}],"replies":[{"embeddable":true,"href":"https:\/\/pndmedical.cz\/index.php\/wp-json\/wp\/v2\/comments?post=529"}],"version-history":[{"count":1,"href":"https:\/\/pndmedical.cz\/index.php\/wp-json\/wp\/v2\/pages\/529\/revisions"}],"predecessor-version":[{"id":530,"href":"https:\/\/pndmedical.cz\/index.php\/wp-json\/wp\/v2\/pages\/529\/revisions\/530"}],"wp:attachment":[{"href":"https:\/\/pndmedical.cz\/index.php\/wp-json\/wp\/v2\/media?parent=529"}],"curies":[{"name":"wp","href":"https:\/\/api.w.org\/{rel}","templated":true}]}}