{"id":468,"date":"2021-11-20T14:03:46","date_gmt":"2021-11-20T13:03:46","guid":{"rendered":"https:\/\/pndmedical.cz\/?page_id=468"},"modified":"2021-11-20T14:03:46","modified_gmt":"2021-11-20T13:03:46","slug":"analyticka-cinnost-pri-certifikaci-notifikaci-sw-reseni","status":"publish","type":"page","link":"https:\/\/pndmedical.cz\/index.php\/nase-sluzby\/analyticka-cinnost-pri-certifikaci-notifikaci-sw-reseni\/","title":{"rendered":"Analytick\u00e1 \u010dinnost p\u0159i certifikaci\/notifikaci SW \u0159e\u0161en\u00ed"},"content":{"rendered":"","protected":false},"excerpt":{"rendered":"","protected":false},"author":2,"featured_media":0,"parent":456,"menu_order":0,"comment_status":"closed","ping_status":"closed","template":"","meta":[],"_links":{"self":[{"href":"https:\/\/pndmedical.cz\/index.php\/wp-json\/wp\/v2\/pages\/468"}],"collection":[{"href":"https:\/\/pndmedical.cz\/index.php\/wp-json\/wp\/v2\/pages"}],"about":[{"href":"https:\/\/pndmedical.cz\/index.php\/wp-json\/wp\/v2\/types\/page"}],"author":[{"embeddable":true,"href":"https:\/\/pndmedical.cz\/index.php\/wp-json\/wp\/v2\/users\/2"}],"replies":[{"embeddable":true,"href":"https:\/\/pndmedical.cz\/index.php\/wp-json\/wp\/v2\/comments?post=468"}],"version-history":[{"count":1,"href":"https:\/\/pndmedical.cz\/index.php\/wp-json\/wp\/v2\/pages\/468\/revisions"}],"predecessor-version":[{"id":469,"href":"https:\/\/pndmedical.cz\/index.php\/wp-json\/wp\/v2\/pages\/468\/revisions\/469"}],"up":[{"embeddable":true,"href":"https:\/\/pndmedical.cz\/index.php\/wp-json\/wp\/v2\/pages\/456"}],"wp:attachment":[{"href":"https:\/\/pndmedical.cz\/index.php\/wp-json\/wp\/v2\/media?parent=468"}],"curies":[{"name":"wp","href":"https:\/\/api.w.org\/{rel}","templated":true}]}}