{"id":464,"date":"2021-11-20T14:02:38","date_gmt":"2021-11-20T13:02:38","guid":{"rendered":"https:\/\/pndmedical.cz\/?page_id=464"},"modified":"2021-11-20T14:02:49","modified_gmt":"2021-11-20T13:02:49","slug":"poradenstvi-v-oblasti-pracovniho-prava","status":"publish","type":"page","link":"https:\/\/pndmedical.cz\/index.php\/nase-sluzby\/poradenstvi-v-oblasti-pracovniho-prava\/","title":{"rendered":"Poradenstv\u00ed v oblasti pracovn\u00edho pr\u00e1va"},"content":{"rendered":"","protected":false},"excerpt":{"rendered":"","protected":false},"author":2,"featured_media":0,"parent":456,"menu_order":0,"comment_status":"closed","ping_status":"closed","template":"","meta":[],"_links":{"self":[{"href":"https:\/\/pndmedical.cz\/index.php\/wp-json\/wp\/v2\/pages\/464"}],"collection":[{"href":"https:\/\/pndmedical.cz\/index.php\/wp-json\/wp\/v2\/pages"}],"about":[{"href":"https:\/\/pndmedical.cz\/index.php\/wp-json\/wp\/v2\/types\/page"}],"author":[{"embeddable":true,"href":"https:\/\/pndmedical.cz\/index.php\/wp-json\/wp\/v2\/users\/2"}],"replies":[{"embeddable":true,"href":"https:\/\/pndmedical.cz\/index.php\/wp-json\/wp\/v2\/comments?post=464"}],"version-history":[{"count":1,"href":"https:\/\/pndmedical.cz\/index.php\/wp-json\/wp\/v2\/pages\/464\/revisions"}],"predecessor-version":[{"id":465,"href":"https:\/\/pndmedical.cz\/index.php\/wp-json\/wp\/v2\/pages\/464\/revisions\/465"}],"up":[{"embeddable":true,"href":"https:\/\/pndmedical.cz\/index.php\/wp-json\/wp\/v2\/pages\/456"}],"wp:attachment":[{"href":"https:\/\/pndmedical.cz\/index.php\/wp-json\/wp\/v2\/media?parent=464"}],"curies":[{"name":"wp","href":"https:\/\/api.w.org\/{rel}","templated":true}]}}