{"id":461,"date":"2021-11-20T14:01:19","date_gmt":"2021-11-20T13:01:19","guid":{"rendered":"https:\/\/pndmedical.cz\/?page_id=461"},"modified":"2021-11-20T14:01:33","modified_gmt":"2021-11-20T13:01:33","slug":"analyzy","status":"publish","type":"page","link":"https:\/\/pndmedical.cz\/index.php\/nase-sluzby\/analyzy\/","title":{"rendered":"Anal\u00fdzy"},"content":{"rendered":"<p>Zpracov\u00e1n\u00ed anal\u00fdz v oblasti optimalizace produkce zdravotn\u00ed p\u00e9\u010de v ambulantn\u00edm i l\u016f\u017ekov\u00e9m sektoru.<\/p>\n","protected":false},"excerpt":{"rendered":"<p>Zpracov\u00e1n\u00ed anal\u00fdz v oblasti optimalizace produkce zdravotn\u00ed p\u00e9\u010de v ambulantn\u00edm i l\u016f\u017ekov\u00e9m sektoru.<\/p>\n","protected":false},"author":2,"featured_media":0,"parent":456,"menu_order":0,"comment_status":"closed","ping_status":"closed","template":"","meta":[],"_links":{"self":[{"href":"https:\/\/pndmedical.cz\/index.php\/wp-json\/wp\/v2\/pages\/461"}],"collection":[{"href":"https:\/\/pndmedical.cz\/index.php\/wp-json\/wp\/v2\/pages"}],"about":[{"href":"https:\/\/pndmedical.cz\/index.php\/wp-json\/wp\/v2\/types\/page"}],"author":[{"embeddable":true,"href":"https:\/\/pndmedical.cz\/index.php\/wp-json\/wp\/v2\/users\/2"}],"replies":[{"embeddable":true,"href":"https:\/\/pndmedical.cz\/index.php\/wp-json\/wp\/v2\/comments?post=461"}],"version-history":[{"count":1,"href":"https:\/\/pndmedical.cz\/index.php\/wp-json\/wp\/v2\/pages\/461\/revisions"}],"predecessor-version":[{"id":462,"href":"https:\/\/pndmedical.cz\/index.php\/wp-json\/wp\/v2\/pages\/461\/revisions\/462"}],"up":[{"embeddable":true,"href":"https:\/\/pndmedical.cz\/index.php\/wp-json\/wp\/v2\/pages\/456"}],"wp:attachment":[{"href":"https:\/\/pndmedical.cz\/index.php\/wp-json\/wp\/v2\/media?parent=461"}],"curies":[{"name":"wp","href":"https:\/\/api.w.org\/{rel}","templated":true}]}}