{"id":456,"date":"2021-11-20T13:56:58","date_gmt":"2021-11-20T12:56:58","guid":{"rendered":"https:\/\/pndmedical.cz\/?page_id=456"},"modified":"2021-11-24T18:25:35","modified_gmt":"2021-11-24T17:25:35","slug":"nase-sluzby","status":"publish","type":"page","link":"https:\/\/pndmedical.cz\/index.php\/nase-sluzby\/","title":{"rendered":"Portfolio"},"content":{"rendered":"<p>Nab\u00edz\u00edme \u0161irok\u00e9 spektrum poradenstv\u00ed ve zdravotnictv\u00ed a zaji\u0161\u0165ujeme slu\u017eby nap\u0159\u00ed\u010d cel\u00fdm zdravotnick\u00fdm sektorem a jeho p\u0159idru\u017een\u00fdmi oblastmi.<\/p>\n","protected":false},"excerpt":{"rendered":"<p>Nab\u00edz\u00edme \u0161irok\u00e9 spektrum poradenstv\u00ed ve zdravotnictv\u00ed a zaji\u0161\u0165ujeme slu\u017eby nap\u0159\u00ed\u010d cel\u00fdm zdravotnick\u00fdm sektorem a jeho p\u0159idru\u017een\u00fdmi oblastmi.<\/p>\n","protected":false},"author":2,"featured_media":580,"parent":0,"menu_order":0,"comment_status":"closed","ping_status":"closed","template":"","meta":[],"_links":{"self":[{"href":"https:\/\/pndmedical.cz\/index.php\/wp-json\/wp\/v2\/pages\/456"}],"collection":[{"href":"https:\/\/pndmedical.cz\/index.php\/wp-json\/wp\/v2\/pages"}],"about":[{"href":"https:\/\/pndmedical.cz\/index.php\/wp-json\/wp\/v2\/types\/page"}],"author":[{"embeddable":true,"href":"https:\/\/pndmedical.cz\/index.php\/wp-json\/wp\/v2\/users\/2"}],"replies":[{"embeddable":true,"href":"https:\/\/pndmedical.cz\/index.php\/wp-json\/wp\/v2\/comments?post=456"}],"version-history":[{"count":3,"href":"https:\/\/pndmedical.cz\/index.php\/wp-json\/wp\/v2\/pages\/456\/revisions"}],"predecessor-version":[{"id":549,"href":"https:\/\/pndmedical.cz\/index.php\/wp-json\/wp\/v2\/pages\/456\/revisions\/549"}],"wp:featuredmedia":[{"embeddable":true,"href":"https:\/\/pndmedical.cz\/index.php\/wp-json\/wp\/v2\/media\/580"}],"wp:attachment":[{"href":"https:\/\/pndmedical.cz\/index.php\/wp-json\/wp\/v2\/media?parent=456"}],"curies":[{"name":"wp","href":"https:\/\/api.w.org\/{rel}","templated":true}]}}